{"id":24,"date":"2017-11-29T15:59:40","date_gmt":"2017-11-29T15:59:40","guid":{"rendered":"http:\/\/www.upperland.net\/scifimoo\/?page_id=24"},"modified":"2017-11-30T12:21:42","modified_gmt":"2017-11-30T12:21:42","slug":"ajuda","status":"publish","type":"page","link":"https:\/\/www.upperland.net\/scifimoo\/ajuda\/","title":{"rendered":"Ajuda"},"content":{"rendered":"<h3><strong>Misc e FAQs<\/strong><\/h3>\n<ul>\n<li><a href=\"http:\/\/upperland.net\/scifi\/faq.php\">F.A.Q. &#8212; perguntas frequentes sobre o SciFi<\/a><\/li>\n<li><a href=\"http:\/\/upperland.net\/scifi\/upgrade.html\">upgrade &#8212; informa\u00e7\u00f5es sobre o upgrade so server e da database do SciFi<\/a><\/li>\n<li><a href=\"http:\/\/upperland.net\/scifi\/gna.html\">gna &#8212; a rede inter-moos que opera dentro do SciFi<\/a><\/li>\n<li><a href=\"http:\/\/upperland.net\/scifi\/projetos.html\">projetos &#8212; diversos projetos existentes dentro do MOO<\/a><\/li>\n<\/ul>\n<h3><strong>T\u00f3picos:<\/strong><\/h3>\n<ul>\n<li><a href=\"http:\/\/upperland.net\/scifi\/helpme.html#intro\">introdu\u00e7\u00e3o &#8212; o que fazer aqui e muitos comandos b\u00e1sicos<\/a><\/li>\n<li><a href=\"http:\/\/upperland.net\/scifi\/help.html\">\u00edndice &#8212; \u00edndice de comandos<\/a><\/li>\n<li><a href=\"http:\/\/upperland.net\/scifi\/helpme.html#players\">players &#8212; editando suas pr\u00f3prias caracter\u00edsticas<\/a><\/li>\n<li><a href=\"http:\/\/upperland.net\/scifi\/helpme.html#move\">movimento &#8212; movendo-se entre salas<\/a><\/li>\n<li><a href=\"http:\/\/upperland.net\/scifi\/helpme.html#com\">comunica\u00e7\u00e3o &#8212; comunidando-se com outros players<\/a><\/li>\n<li><a href=\"http:\/\/upperland.net\/scifi\/helpme.html#mani\">manipula\u00e7\u00e3o &#8212; movendo ou usando outros objetos<\/a><\/li>\n<li><a href=\"http:\/\/upperland.net\/scifi\/helpme.html#misc\">miscel\u00e2nea &#8212; comandos extras<\/a><\/li>\n<li><a href=\"http:\/\/upperland.net\/scifi\/helpme.html#build\">constru\u00e7\u00e3o &#8212; aumentando o MOO<\/a><\/li>\n<li><a href=\"http:\/\/upperland.net\/scifi\/prog.html\">programando &#8212; escrevendo c\u00f3digo na linguagem de programa\u00e7\u00e3o do MOO<\/a><\/li>\n<li><a href=\"http:\/\/upperland.net\/scifi\/helpme.html#edit\">editores &#8212; editando texto e c\u00f3digo no MOO<\/a><\/li>\n<\/ul>\n<h3><strong>Introdu\u00e7\u00e3o:<\/strong><\/h3>\n<p>Lambda MOO \u00e9 um tipo de realidade virtual, na qual players movem-se de lugar em lugar manipulando seu ambiente nos caminhos da divers\u00e3o, entretenimento ou ilumina\u00e7\u00e3o. Lambda MOO \u00e9 mais passatempo quem um jogo no sentido usual; n\u00e3o h\u00e1 placar, n\u00e3o existem objetivos e n\u00e3o h\u00e1 competi\u00e7\u00e3o envolvida. Os participantes do LambdaMOO exploram o mundo virtual, falam com outros participantes, testam os estranhos aparelhos que os outros criam, e fazem novos lugares para os outros encontrarem e gostarem.<br \/>\nMuitos comandos tem a forma das frases em ingl\u00eas:<br \/>\n<strong>[verbo]<\/strong><br \/>\n<strong> [verbo] [objeto direto]<\/strong><br \/>\n<strong> [verbo] [objeto direto] [preposi\u00e7\u00e3o] [objeto indireto]\u00a0<\/strong>N\u00e3o use artigos da l\u00edngua inglesa (como &#8220;a&#8221;, &#8220;an&#8221;, ou &#8220;the&#8221;) nos seus comandos; o MOO n\u00e3o ir\u00e1 os entender. Voc\u00ea pode se referir a si mesmo como &#8220;me&#8221; a a sala onde voc\u00ea est\u00e1 como &#8220;here&#8221;.<br \/>\nOs cinco primeiros comandos que voc\u00ea deve saber est\u00e3o listados abaixo:<\/p>\n<ul>\n<li><strong>look<\/strong> &#8212; d\u00e1 uma descri\u00e7\u00e3o do local, objeto ou player indicado<br \/>\n<strong>look [objeto, local ou player]<\/strong><br \/>\n<strong>look [objeto] in [container]<\/strong><br \/>\nCaso n\u00e3o seja fornecido um argumento o comando mostrar\u00e1 a descri\u00e7\u00e3o da sala em que voc\u00ea estiver no momento.<\/li>\n<li><strong>say [frase]<\/strong> &#8212; fala com outros players na mesma sala que voc\u00ea<\/li>\n<li><strong>@who<\/strong> &#8212; mostra quais player est\u00e3o atualmente conectados ao MOO e a quanto tempo est\u00e3o conectados.<br \/>\n<strong>@who [player]<\/strong>, caso seja fornecido um argumento o comando mostrar\u00e1 apenas o player desejado.<\/li>\n<li><strong>@quit<\/strong> &#8212; desconectar do MOO<\/li>\n<\/ul>\n<h3><strong>Players<\/strong><\/h3>\n<p>Existe um n\u00famero de comandos para modificar v\u00e1rias caracter\u00edsticas do objeto que representa voc\u00ea no MOO, seu player:<\/p>\n<ul>\n<li><strong>@describe<\/strong> &#8212; define a descri\u00e7\u00e3o de [objeto] para [descri\u00e7\u00e3o]. Esta descri\u00e7\u00e3o \u00e9 o que aparece quando algu\u00e9m usa o comandos &#8220;look&#8221; no [objeto]. Para descrever a voc\u00ea mesmo, use &#8220;me&#8221; como [objeto].<\/li>\n<li><strong>@gender<\/strong> &#8212; muda o g\u00eanero do seu player<br \/>\n<strong>@gender<\/strong>, mostra o seu g\u00eanero atual<br \/>\n<strong>@gender<\/strong> [g\u00eanero], muda seu g\u00eanero, existem g\u00eaneros pr\u00e9 estabelecidos como &#8220;male&#8221;, &#8220;female&#8221;, &#8220;neuter&#8221;, etc.<\/li>\n<li><strong>@password<\/strong> &#8212; muda a password do seu player<br \/>\n<strong>@password<\/strong> [velha password] [nova password]<\/li>\n<li><strong>@sethome<\/strong> &#8212; indica que a sala em que voc\u00ea est\u00e1 ser\u00e1 sua nova resid\u00eancia, quando voc\u00ea conectar novamente, reiniciar\u00e1 a partir desse local. Se a sala n\u00e3o for sua voc\u00ea deve requerer ao dono que o acrescente \u00e0 lista de residentes para poder usar este comando.<\/li>\n<li><strong>@rename<\/strong> &#8212; muda o nome e\/ou alias<br \/>\n<strong>@rename [objeto] to [novo nome] <\/strong>muda o nome de um dado objeto<\/li>\n<li><strong>@linelength<\/strong> &#8212; adiciona quebra de linha ao texto que voc\u00ea v\u00ea<br \/>\n<strong>@wrap [on|off]<\/strong>, liga ou desliga a quebra de linha<br \/>\n<strong>@linelength [n\u00famero]<\/strong>, seta o n\u00famero de caracteres que aparecem antes da quebra de linha<\/li>\n<\/ul>\n<h3><strong>Movimento<\/strong><\/h3>\n<p>Na maior parte das salas est\u00e3o indicadas as sa\u00eddas existentes, para ir em uma determinada dire\u00e7\u00e3o basta digitar o nome da dire\u00e7\u00e3o (por exemplo &#8220;norte&#8221;, &#8220;n&#8221;, &#8220;sul&#8221;, etc).<\/p>\n<h3><strong>Comunica\u00e7\u00e3o<\/strong><\/h3>\n<ul>\n<li><strong>say [frase]<\/strong> &#8212; fala com os outros players conectados na mesma sala<\/li>\n<li><strong>whisper [frase] to [player]<\/strong> &#8212; fala privadamente com algu\u00e9m na mesma sala<\/li>\n<li><strong>page [player] [frase]<\/strong> &#8212; fala privadamente com algu\u00e9m que esteja em qualquer lugar no MOO<\/li>\n<li><strong>emote<\/strong> &#8212; comunica\u00e7\u00e3o n\u00e3o verbal com outros na mesma sala, come\u00e7a uma frase com o nome do pr\u00f3prio player<br \/>\n<strong>:[frase]<\/strong>, coloca automaticamente um espa\u00e7o entre o nome do player e a frase<br \/>\n<strong>::[frase]<\/strong>, n\u00e3o coloca espa\u00e7o entre a frase e o nome<\/li>\n<li>gagging &#8212; eliminando o barulho dos outros players<br \/>\nOcasionalmente voc\u00ea pode se ver em uma situa\u00e7\u00e3o na qual n\u00e3o deseja escutar outros players. Pode ser que eles estejam incomodando ou simplesmente fazendo muito barulho. Usando gag em um player far\u00e1 com que voc\u00ea pare de escutar o resultado de todos os verbos chamados por aquele player. Voc\u00ea tamb\u00e9m pode usar gag em um objeto, voc\u00ea continuar\u00e1 escutando o dono do objeto mas n\u00e3o o barulho de seu objeto.<br \/>\n<strong>@gag [player ou objeto]<\/strong>\u00a0&#8212; adiciona um ou mais players a sua gaglist (lista dos player que voc\u00ea n\u00e3o est\u00e1 escutando)<br \/>\n<strong>@ungag [player ou objeto]<\/strong> &#8212; remove um player da sua gaglist<br \/>\n<strong>@listgag<\/strong> &#8212; mostra os player da sua gaglist<\/li>\n<li><strong>news<\/strong> &#8212; l\u00ea os mais recentes an\u00fancios e novidades dos wizards<\/li>\n<li><strong>@gripe<\/strong> &#8212; envia uma id\u00e9ia para os wizards<\/li>\n<li><strong>@typo [texto]<\/strong><br \/>\n<strong> @bug [texto]<\/strong><br \/>\n<strong> @suggest [texto]<\/strong><br \/>\n<strong> @idea [texto]<\/strong><br \/>\n<strong> @comment [texto]<\/strong> &#8212; envia coment\u00e1rios ou id\u00e9ias para o dono da sala em que voc\u00ea estiver<\/li>\n<li>whereis &#8212; localiza outros players<br \/>\n<strong>where<\/strong>, mostra a localiza\u00e7\u00e3o de todos os players conectados<br \/>\n<strong>where [player]<\/strong>, mostra onde est\u00e1 o player indicado<\/li>\n<li><strong>@who<\/strong> &#8212; acha quem est\u00e1 conectado no MOO who, mostra todos os players conectados<br \/>\n<strong>who [player]<\/strong>, mostra se o player indicado est\u00e1 conectado<\/li>\n<li>mail &#8212; o sistema de EMail do MOO<br \/>\nO sistema de mail do MOO permite a voc\u00ea enviar mensagens para outros players. Ele possui comandos para ver e gerenciar sua pr\u00f3pria cole\u00e7\u00e3o de mensagens salvas e navegar pelas que est\u00e3o dispon\u00edveis (por exemplo arquivos de listas p\u00fablicas)<br \/>\n<strong>@mail on [objeto]<\/strong> &#8212; mostra uma lista com as mensagensmensagens contidas em [objeto], caso ele n\u00e3o seja fornecido, mostra as menssagens na sua caixa de mail<br \/>\n<strong>@read [n\u00famero] on [objeto]<\/strong> &#8212; l\u00ea uma mensagem individualmente<br \/>\n<strong>@next<\/strong> &#8212; l\u00ea a mensagem<br \/>\n<strong>@prev<\/strong> &#8212; l\u00ea a mensagem anterior<br \/>\n<strong>@send [objeto]<\/strong> &#8212; comp\u00f5e uma mensagem para [objeto], [objeto] pode ser um player ou uma lista de mails<br \/>\n<strong>@answer [n\u00famero]<\/strong> &#8212; responde \u00e0 mensagem indicada por [n\u00famero], em uma cole\u00e7\u00e3o (lista de mails de um player ou objeto)<br \/>\n<strong>@forward [n\u00famero]<\/strong> &#8212; redireciona uma das mensagens, indicada por [n\u00famero] para outro lugar<br \/>\n<strong>@rmmail [n\u00famero] on [objeto]<\/strong> &#8212; deleta um ou mais mails da cole\u00e7\u00e3o em [objeto]<br \/>\n<strong>@unrmmail<\/strong> &#8212; recupapagados deletados recentemente<br \/>\n<strong>@renumber [cole\u00e7\u00e3o]<\/strong> &#8212; renumera os mais em uma cole\u00e7\u00e3o<br \/>\n<strong>@keep-mail<\/strong> &#8211; mant\u00e9m um mail que tenha expirado<br \/>\n<strong>@mail-option<\/strong> &#8212; dv\u00e1rias e seta v\u00e1rioas op\u00e7\u00f5es de mail<br \/>\n<strong>@rn<\/strong> &#8212; mostra cole\u00e7\u00f5es que tenham mails novos<br \/>\n<strong>@subscribe [lista]<\/strong> &#8212; indica que voc\u00ea deseja receber os mails de [lista]<br \/>\n<strong>@skip [cole\u00e7\u00e3o]<\/strong> &#8212; ignora novos mails em uma cole\u00e7\u00e3o<br \/>\n<strong>@unsubscribe [lista]<\/strong> &#8212; indica que voc\u00ea n\u00e3o deseja mais receber mails de [lista]<br \/>\n<strong>@unsubscribed\u00a0<\/strong>&#8212; mostra as listas em que voc\u00ea n\u00e3o est\u00e1 cadastrado<br \/>\n<strong>@subscribed<\/strong> &#8212; mostra todas as listas em que voc\u00ea est\u00e1 cadastrado<\/li>\n<li>security &#8212; facilidades para detectar mensagens perdidas ou espi\u00f5es<br \/>\n<strong>@paranoid<\/strong> &#8212; mant\u00e9m uma grava\u00e7\u00e3o das mensagens que seu player escuta<br \/>\n<strong>@check<\/strong> &#8212; l\u00ea a grava\u00e7\u00e3o para determinar quem \u00e9 o respons\u00e1vel pelas mensagens<br \/>\n<strong>@sweep<\/strong> &#8212; verifica quem est\u00e1 monitorando suas conversas<\/li>\n<\/ul>\n<h3><strong>Manipula\u00e7\u00e3o<\/strong><\/h3>\n<ul>\n<li style=\"list-style-type: none;\">\n<ul>Objetos usualmente possuem verbos que permitem aos players manipular e usa-los de diferentes maneiras:<\/ul>\n<\/li>\n<\/ul>\n<ul>\n<li><strong>get [objeto]<\/strong> &#8212; recolhe um objeto e o coloca em seu invent\u00f3rio<\/li>\n<li><strong>drop [objeto]<\/strong> &#8212; remove o objeto de seu invent\u00f3rio e o coloca na sala em que voc\u00ea estiver<\/li>\n<li><strong>put [objeto] on [container]<\/strong> &#8212; retira o objeto de seu invent\u00f3rio e o p\u00f5e em um container<\/li>\n<li><strong>give [objeto] to [player]<\/strong> &#8212; d\u00e1 um objeto para outro player<\/li>\n<li><strong>look [objeto]<\/strong> &#8212; v\u00ea como o objeto se parece<br \/>\nVoc\u00ea pode ver o que est\u00e1 carregando com o comando &#8220;inventory&#8221;. Muitos objetos possuem seus pr\u00f3prios comandos colocados pelos seus donos, para ver quais comandos est\u00e3o dispon\u00edveis use o comando &#8220;examine [objeto]&#8221;<br \/>\nOs seguintes tipo dum helptos possuem umhelp que voc\u00ea pode consultar:<br \/>\nnotes &#8212; objetos que permitem a escrita neles mesmos e que podem ser lidos depois<br \/>\nletters &#8212; notas que um recipiente pode queimar depois de lidas<br \/>\ncontainers &#8212; objetos que cont\u00e9m outros objetos<\/li>\n<\/ul>\n<h3><strong>Miscel\u00e2nia<\/strong><\/h3>\n<ul>\n<li><strong>@version<\/strong> &#8212; mostra o n\u00famero da vers\u00e3o do MOO<\/li>\n<li><strong>@lastlog [player]<\/strong> &#8212; mostra a \u00faltima conex\u00e3o no MOO de algum player<\/li>\n<li><strong>@time<\/strong> &#8212; mostra a hora local do servidor do MOO<\/li>\n<\/ul>\n<h3><strong>Constru\u00e7\u00e3o<\/strong><\/h3>\n<ul>Cria\u00e7\u00e3o &#8212; fazendo, desfazendo e listando suas salas, sa\u00eddas e outros objetos<\/ul>\n<ul>\n<li><strong>@dig [nome]<\/strong> &#8212; constr\u00f3i novas salas e sa\u00eddas<\/li>\n<li><strong>@create [tipo] named [nome]<\/strong> &#8212; cria outros tipos de objetos<\/li>\n<li><strong>@recycle [n\u00famero]<\/strong> &#8212; destr\u00f3i objetos que voc\u00ea n\u00e3o deseja mais<\/li>\n<li><strong>@quota [player]<\/strong> &#8212; mostra quantos objetos voc\u00ea pode criar<\/li>\n<li><strong>@count [player]<\/strong> &#8212; mostra quantos objetos voc\u00ea possui<\/li>\n<li><strong>@audit [player]<\/strong> &#8212; lista todos seus objetos<\/li>\n<li><strong>@classes<\/strong> &#8212; lista todas as classes p\u00fablicas dispon\u00edveis<\/li>\n<li><strong>@realm<\/strong> &#8212; lista os parentescos de um objeto<\/li>\n<li><strong>@move [objeto] to [lugar]<\/strong> &#8212; move seus objetos de um lugar para outrotopologia &#8212; fazendo e listando as conex\u00f5es entre salas e sa\u00eddas<\/li>\n<li><strong>@add-exit<\/strong> &#8212; adicionando sa\u00eddas de outros players a partir de suas salas<\/li>\n<li><strong>@add-entrance<\/strong> &#8212; adicionando entradas de outros players nas suas salas<\/li>\n<li><strong>@remove-exit<\/strong> &#8212; removendo sa\u00eddas de suas salas<\/li>\n<li><strong>@remove-entrance<\/strong> &#8212; removendo entradas de suas salas<\/li>\n<li><strong>@exits<\/strong> &#8212; lista todas as sa\u00eddas convencionais das suas salas<\/li>\n<li><strong>@entrances<\/strong> &#8212; lista todas as entradas convencionais das suas salas<\/li>\n<li><strong>@resident<\/strong> &#8212; listando ou modificando os residentes das suas salas<br \/>\ndescri\u00e7\u00f5es &#8212; setando os nomes e textos descritivos para novos objetos<\/li>\n<li><strong>@rename [objeto] to [novo nome]<\/strong> &#8212; seta o nome a aliases de seus objetos<\/li>\n<li><strong>@describe [objeto] as [descri\u00e7\u00e3o]<\/strong> &#8212; seta o que os outros players v\u00eaem quando olham para seus objetos<\/li>\n<li><strong>messages [objeto]<\/strong> &#8212; lista outros textos descritivos de um obcontrolando trancando &#8212; contolando o uso e acesso a seus objetos\u00c9 freq\u00fcentemente \u00fatil restringir o uso de algum objeto. Por exemplo algu\u00e9m pode desejar que os outros player n\u00e3o possam usar uma sa\u00edda a menos que estejam carregando um sino, um livro e uma vela. O MOO suporta um mecanismo gen\u00e9rico de trancamento, destinado a fazer restri\u00e7\u00f5es simples de implementar, geralmente sem nenhuma programa\u00e7\u00e3o.<br \/>\nCada objeto suporta uma no\u00e7\u00e3o de &#8220;estar trancado&#8221; com respeito a outros determinados objetos.<\/li>\n<li><strong>@lock [objeto] with [chave]<\/strong> &#8212; seta o trancamento de um objeto @unlock [objeto] &#8212; retira o trancamento de um objeto<\/li>\n<\/ul>\n<p>&nbsp;<\/p>\n","protected":false},"excerpt":{"rendered":"<p>Misc e FAQs F.A.Q. &#8212; perguntas frequentes sobre o SciFi upgrade &#8212; informa\u00e7\u00f5es sobre o&#8230;<\/p>\n","protected":false},"author":1,"featured_media":0,"parent":0,"menu_order":4,"comment_status":"closed","ping_status":"closed","template":"","meta":{"footnotes":""},"class_list":["post-24","page","type-page","status-publish","hentry"],"_links":{"self":[{"href":"https:\/\/www.upperland.net\/scifimoo\/wp-json\/wp\/v2\/pages\/24","targetHints":{"allow":["GET"]}}],"collection":[{"href":"https:\/\/www.upperland.net\/scifimoo\/wp-json\/wp\/v2\/pages"}],"about":[{"href":"https:\/\/www.upperland.net\/scifimoo\/wp-json\/wp\/v2\/types\/page"}],"author":[{"embeddable":true,"href":"https:\/\/www.upperland.net\/scifimoo\/wp-json\/wp\/v2\/users\/1"}],"replies":[{"embeddable":true,"href":"https:\/\/www.upperland.net\/scifimoo\/wp-json\/wp\/v2\/comments?post=24"}],"version-history":[{"count":10,"href":"https:\/\/www.upperland.net\/scifimoo\/wp-json\/wp\/v2\/pages\/24\/revisions"}],"predecessor-version":[{"id":60,"href":"https:\/\/www.upperland.net\/scifimoo\/wp-json\/wp\/v2\/pages\/24\/revisions\/60"}],"wp:attachment":[{"href":"https:\/\/www.upperland.net\/scifimoo\/wp-json\/wp\/v2\/media?parent=24"}],"curies":[{"name":"wp","href":"https:\/\/api.w.org\/{rel}","templated":true}]}}