{"id":22,"date":"2017-11-29T15:58:30","date_gmt":"2017-11-29T15:58:30","guid":{"rendered":"http:\/\/www.upperland.net\/scifimoo\/?page_id=22"},"modified":"2017-11-30T11:12:28","modified_gmt":"2017-11-30T11:12:28","slug":"creditos","status":"publish","type":"page","link":"https:\/\/www.upperland.net\/scifimoo\/creditos\/","title":{"rendered":"Cr\u00e9ditos"},"content":{"rendered":"<p><b>Cr\u00e9ditos<\/b><\/p>\n<p><img loading=\"lazy\" decoding=\"async\" class=\"alignleft\" src=\"http:\/\/upperland.net\/scifi\/bart.gif\" alt=\"\" width=\"52\" height=\"73\" align=\"left\" border=\"0\" \/><br \/>\nEsta p\u00e1gina foi criada pelo atual mantenedor do Science &amp; Fiction MOO, Iuri Fiedoruk, tamb\u00e9m conhecido pela alcunha de Bart.<br \/>\nAnalista Programador formado em Ci\u00eancia da Computa\u00e7\u00e3o na Unifra, antigo estudante de engenharia na UFSM onde conheceu o MOO, f\u00e3 de Simpsons e Rockman (Megaman), possui uma cole\u00e7\u00e3o de videogames e criador do jogo Rockbot no tempo livre.<\/p>\n<p>Hospedou o MOO em seu computador caseiro por alguns anos em um Core 2 Duo 2.2Ghz\/1GB de 320GB de HD rodando Ubuntu Linux 8.04 com KDE e tamb\u00e9m em um Pentium 233MMX\/64 RAM e 6.4GB de disco onde estas linhas foram originalmente escritas.<\/p>\n<p>Algumas pessoas n\u00e3o podem deixar de ser citadas, muitos contribu\u00edram para erguer o Sci-Fi MOO, infelizmente parece que a maioria esqueceu-se dele atualmente. Esperamos que sigam o exemplo de quem ainda acredita no MOO como um meio de sociedade virtual.\u00a0No futuro essa p\u00e1gina pode ser uma galeria se voc\u00ea colaborar e me enviar uma foto sua.<\/p>\n<p><b>Mestre dos Magos\u00a0<\/b>&#8211; O criador, sem ele o Science &amp; Fiction jamais existiria.<\/p>\n<p><b>Wo`rIf (aka Lae)\u00a0<\/b>&#8211; Garantindo sempre o suporte do CPD e ajudando quando algo vai mal.<\/p>\n<p><b>Conan<\/b>\u00a0&#8211; Apesar dos problemas trouxe muitos players para o MOO.<\/p>\n<p><b>Japah<\/b>\u00a0&#8211; Ajudou a implementar uma parte do RPG Online..<\/p>\n<p><b>Edge<\/b>\u00a0&#8211; Come\u00e7ou com a classe dos Avatares, e depois a destruiu, claro.<\/p>\n<p><b>Icaro<\/b>\u00a0&#8211; Colaborador que Importou o \u00f4nibus P\u00fablico do MOO e ajudou com o RPG Online.<\/p>\n<p><b>Akira<\/b>\u00a0&#8211; Apesar de agora renegar o MOO era um bom companheiro de conversa.<\/p>\n<p><b>Ramirez<\/b>\u00a0&#8211; Manteve o MOO quando quase ningu\u00e9m mais acreditava no Sci-Fi.<\/p>\n<p>Existem outros in\u00fameros players que gostaria de agradecer e outros que conheci pelo SciFi MOO, mas existem aqueles a quem realmente devo agradecer:<br \/>\nViviane, Luke, Mad Max, Malkavian, Raio de Luar, Citael, Merlin, Stephen King, Venom, Balk, Jedi, Han Solo, Electric Funeral, Felix, Diabo Loiro, Ramirez.<\/p>\n","protected":false},"excerpt":{"rendered":"<p>Cr\u00e9ditos Esta p\u00e1gina foi criada pelo atual mantenedor do Science &amp; Fiction MOO, Iuri Fiedoruk,&#8230;<\/p>\n","protected":false},"author":1,"featured_media":0,"parent":0,"menu_order":4,"comment_status":"closed","ping_status":"closed","template":"","meta":{"footnotes":""},"class_list":["post-22","page","type-page","status-publish","hentry"],"_links":{"self":[{"href":"https:\/\/www.upperland.net\/scifimoo\/wp-json\/wp\/v2\/pages\/22","targetHints":{"allow":["GET"]}}],"collection":[{"href":"https:\/\/www.upperland.net\/scifimoo\/wp-json\/wp\/v2\/pages"}],"about":[{"href":"https:\/\/www.upperland.net\/scifimoo\/wp-json\/wp\/v2\/types\/page"}],"author":[{"embeddable":true,"href":"https:\/\/www.upperland.net\/scifimoo\/wp-json\/wp\/v2\/users\/1"}],"replies":[{"embeddable":true,"href":"https:\/\/www.upperland.net\/scifimoo\/wp-json\/wp\/v2\/comments?post=22"}],"version-history":[{"count":5,"href":"https:\/\/www.upperland.net\/scifimoo\/wp-json\/wp\/v2\/pages\/22\/revisions"}],"predecessor-version":[{"id":48,"href":"https:\/\/www.upperland.net\/scifimoo\/wp-json\/wp\/v2\/pages\/22\/revisions\/48"}],"wp:attachment":[{"href":"https:\/\/www.upperland.net\/scifimoo\/wp-json\/wp\/v2\/media?parent=22"}],"curies":[{"name":"wp","href":"https:\/\/api.w.org\/{rel}","templated":true}]}}