{"id":20,"date":"2017-11-29T15:58:09","date_gmt":"2017-11-29T15:58:09","guid":{"rendered":"http:\/\/www.upperland.net\/scifimoo\/?page_id=20"},"modified":"2017-11-30T11:45:31","modified_gmt":"2017-11-30T11:45:31","slug":"conectando","status":"publish","type":"page","link":"https:\/\/www.upperland.net\/scifimoo\/conectando\/","title":{"rendered":"Conectando"},"content":{"rendered":"<p>Conectar-se ao Sci-Fi Moo \u00e9 simples, basta usar qualquer cliente para telnet, mas \u00e9 claro que existem programas melhores e piores, alguns tem problemas com backspace, por exemplo como o telnet padr\u00e3o do Windows. Apesar de at\u00e9 mesmo o popular programa mIRC pode ser usado, recomenda-se usar ZMUD ou Putty. O Moo funciona atualmente no sistema ANSI ampliado, permitindo uso de cores, acentos e outros caracteres especiais, por esta raz\u00e3o, a escolha de um cliente telnet bom \u00e9 recomendada.<\/p>\n<p>Clientes Windows:<\/p>\n<ul>\n<li><a href=\"http:\/\/www.putty.org\/\" target=\"_blank\" rel=\"noopener\">Putty<\/a>\u00a0&#8211; Um dos clientes telnet e ssh mais utilizados atualmente.<\/li>\n<li><a href=\"http:\/\/www.vandyke.com\/products\/crt\/index.html\" target=\"_blank\" rel=\"noopener\">Crt<\/a>\u00a0&#8211; \u00d3timo cliente, r\u00e1pido, com grande buffer e copy\/paste bons.<\/li>\n<li><a href=\"http:\/\/www.zuggsoft.com\/zmud\/zmudinfo.htm\" target=\"_blank\" rel=\"noopener\">Zmud<\/a>\u00a0&#8211; Cliente para MUDs e MOOs, permite a automatiza\u00e7\u00e3o de v\u00e1rias tarefas.<\/li>\n<\/ul>\n<p>Clientes Linux:<\/p>\n<ul>\n<li><a href=\"http:\/\/kildclient.sourceforge.net\/phpwebsite\/index.php\" target=\"_blank\" rel=\"noopener\">KildClient<\/a>\u00a0&#8211; \u00d3timo cliente de MUD para Gtk\/Gnome.<\/li>\n<li><a href=\"http:\/\/www.gmoo.net\/gmoo\/\" target=\"_blank\" rel=\"noopener\">gMOO<\/a>\u00a0&#8211; Cliente especial para MOOs em tcl\/tk.<\/li>\n<li><a href=\"http:\/\/www.kmuddy.com\/\" target=\"_blank\" rel=\"noopener\">kmuddy<\/a>\u00a0&#8211; Cliente KDE para MUDs.<\/li>\n<\/ul>\n<p>Clientes Android:<\/p>\n<ul>\n<li><a href=\"https:\/\/play.google.com\/store\/apps\/details?id=com.sonelli.juicessh\">JuiceSSH<\/a> &#8211; Cliente f\u00e1cil de usar.<\/li>\n<\/ul>\n<p>Clientes Web:<\/p>\n<ul>\n<li><a href=\"https:\/\/www.adminkit.net\/telnet.aspx\">AdminKit<\/a> &#8211; permite realizar uma sess\u00e3o de telnet via navegador.<\/li>\n<\/ul>\n<p>Ap\u00f3s instalar o cliente de sua prefer\u00eancia, conecte em\u00a0<a href=\"telnet:\/\/scifi.upperland.net:40477\">scifi.upperland.net, porta 40477<\/a>, aparecer\u00e1 ent\u00e3o a tela de entrada do MOO pedindo um nome de usu\u00e1rio e senha (player e password). Se voc\u00ea ainda n\u00e3o possui player, tem duas op\u00e7\u00f5es: A primeira \u00e9 entrar com uma conta de convidado, para isso digite &#8220;connect guest&#8221; e pressione enter, sendo que neste modo, nenhuma configura\u00e7\u00e3o ser\u00e1 salva e o player n\u00e3o possui muitas permiss\u00f5es concedidas, como construir e programar. A segunda op\u00e7\u00e3o \u00e9 cadastrar um novo personagem (player), para tanto, basta digitar na tela de boas vindas o seguinte comando: <strong>register [nome do personagem] for [seu endere\u00e7o de email],<\/strong> substituindo os valores entre colchetes, que n\u00e3o devem ser digitados, por um nome de personagem que voc\u00ea deseja criar e um endere\u00e7o de email, para o qual a senha ser\u00e1 enviada. Caso haja problema no recebimento da senha, entre em contato por\u00a0<a href=\"mailto:scifi@upperland.net\">email<\/a>.<br \/>\nSe j\u00e1 possui player digite &#8220;<strong>connect [nome do player] [password]<\/strong>&#8220;, mas cuidado com os caracteres mai\u00fasculos e min\u00fasculos que devem ser respeitados, caso contr\u00e1rio a senha n\u00e3o funcionar\u00e1.<\/p>\n<p>Se voc\u00ea \u00e9 iniciante no MOO veja\u00a0<a href=\"http:\/\/upperland.net\/scifi\/intro.php\">Introdu\u00e7\u00e3o ao MOO para Novatos<\/a>, voc\u00ea tamb\u00e9m pode requisitar um player, enviando um e-mail para\u00a0<a href=\"mailto:scifi@upperland.net\">Bart<\/a>, dizendo o nome do player que voc\u00ea gostaria de ter.<\/p>\n","protected":false},"excerpt":{"rendered":"<p>Conectar-se ao Sci-Fi Moo \u00e9 simples, basta usar qualquer cliente para telnet, mas \u00e9 claro&#8230;<\/p>\n","protected":false},"author":1,"featured_media":0,"parent":0,"menu_order":2,"comment_status":"closed","ping_status":"closed","template":"","meta":{"footnotes":""},"class_list":["post-20","page","type-page","status-publish","hentry"],"_links":{"self":[{"href":"https:\/\/www.upperland.net\/scifimoo\/wp-json\/wp\/v2\/pages\/20","targetHints":{"allow":["GET"]}}],"collection":[{"href":"https:\/\/www.upperland.net\/scifimoo\/wp-json\/wp\/v2\/pages"}],"about":[{"href":"https:\/\/www.upperland.net\/scifimoo\/wp-json\/wp\/v2\/types\/page"}],"author":[{"embeddable":true,"href":"https:\/\/www.upperland.net\/scifimoo\/wp-json\/wp\/v2\/users\/1"}],"replies":[{"embeddable":true,"href":"https:\/\/www.upperland.net\/scifimoo\/wp-json\/wp\/v2\/comments?post=20"}],"version-history":[{"count":4,"href":"https:\/\/www.upperland.net\/scifimoo\/wp-json\/wp\/v2\/pages\/20\/revisions"}],"predecessor-version":[{"id":55,"href":"https:\/\/www.upperland.net\/scifimoo\/wp-json\/wp\/v2\/pages\/20\/revisions\/55"}],"wp:attachment":[{"href":"https:\/\/www.upperland.net\/scifimoo\/wp-json\/wp\/v2\/media?parent=20"}],"curies":[{"name":"wp","href":"https:\/\/api.w.org\/{rel}","templated":true}]}}