{"id":2,"date":"2017-11-29T15:29:52","date_gmt":"2017-11-29T15:29:52","guid":{"rendered":"http:\/\/www.upperland.net\/scifimoo\/?page_id=2"},"modified":"2017-11-30T11:13:09","modified_gmt":"2017-11-30T11:13:09","slug":"sobre","status":"publish","type":"page","link":"https:\/\/www.upperland.net\/scifimoo\/sobre\/","title":{"rendered":"Sobre"},"content":{"rendered":"<p>Muito antes de Seconf Life e World of Warcraft com suas cores vibrantes e gr\u00e1ficos tridimensionais, existia uma tela negra preenchida por caracteres diversos e apenas uma pequena linha piscando e aguardando os desbravadores de mundos virtuais que come\u00e7avam a forma-se ne rec\u00e9m descoberta Internet.<br \/>\nEra um tempo de computadores rudimentares e rede lenta, em que o texto e criatividade \u00e9 que davam formas a mundos imagin\u00e1rios, tempos em que cada participante era tamb\u00e9m um criador, tempos de Dungeons e Salas virtuais. Este tempo pode ter ficado apra tr\u00e1s, mas a internet \u00e9 tamb\u00e9m sobre isto: mem\u00f3rias e p\u00f3.<br \/>\nBem vindo a um mundo antigo, onde os usu\u00e1rios eram guerreiros, moldadores, magos e deuses caminhavam entre n\u00f3s, e a emo\u00e7\u00e3o era real, bem vindo ao Science &amp; Fiction MOO.<\/p>\n<p>O Science &amp; Fiction Moo \u00e9 um ambiente de realidade virtual em texto, baseado no servidor\u00a0<a href=\"http:\/\/sourceforge.net\/projects\/lambdamoo\/\">LambdaMOO<\/a>\u00a01.8.0p6. Est\u00e1 localizado atualmente em uma VM em servidor DreamCompute, de propriedade de Iuri Fiedoruk, tendo sido previamente hospedado pela\u00a0<a href=\"http:\/\/www.ufsm.br\/\" target=\"_blank\" rel=\"noopener\">Universidade Federal de Santa Maria<\/a>\u00a0no Rio Grande do Sul e foi o primeiro MOO a ser instalado no Brasil em 1995, sendo mantido at\u00e9 hoje.<br \/>\nEsta p\u00e1gina destina-se a levar informa\u00e7\u00f5es e ajuda para quem deseja lembr\u00e1-lo ou acess\u00e1-lo, e aos que buscam novidades sobre o mundo virtual Science &amp; Fiction.<\/p>\n<p>Se voc\u00ea \u00e9 iniciante no MOO veja\u00a0<a href=\"http:\/\/upperland.net\/scifi\/intro.php\">Introdu\u00e7\u00e3o ao MOO para Novatos.<\/a><br \/>\nVeja o projeto\u00a0<a href=\"http:\/\/argon.sourceforge.net\/\" target=\"_blank\" rel=\"noopener\">RPG Online<\/a>\u00a0baseado em Dugeons &amp; Dragons e est\u00e1 sendo desenvolvido por Bart.<\/p>\n","protected":false},"excerpt":{"rendered":"<p>Muito antes de Seconf Life e World of Warcraft com suas cores vibrantes e gr\u00e1ficos&#8230;<\/p>\n","protected":false},"author":1,"featured_media":0,"parent":0,"menu_order":1,"comment_status":"closed","ping_status":"open","template":"","meta":{"footnotes":""},"class_list":["post-2","page","type-page","status-publish","hentry"],"_links":{"self":[{"href":"https:\/\/www.upperland.net\/scifimoo\/wp-json\/wp\/v2\/pages\/2","targetHints":{"allow":["GET"]}}],"collection":[{"href":"https:\/\/www.upperland.net\/scifimoo\/wp-json\/wp\/v2\/pages"}],"about":[{"href":"https:\/\/www.upperland.net\/scifimoo\/wp-json\/wp\/v2\/types\/page"}],"author":[{"embeddable":true,"href":"https:\/\/www.upperland.net\/scifimoo\/wp-json\/wp\/v2\/users\/1"}],"replies":[{"embeddable":true,"href":"https:\/\/www.upperland.net\/scifimoo\/wp-json\/wp\/v2\/comments?post=2"}],"version-history":[{"count":1,"href":"https:\/\/www.upperland.net\/scifimoo\/wp-json\/wp\/v2\/pages\/2\/revisions"}],"predecessor-version":[{"id":17,"href":"https:\/\/www.upperland.net\/scifimoo\/wp-json\/wp\/v2\/pages\/2\/revisions\/17"}],"wp:attachment":[{"href":"https:\/\/www.upperland.net\/scifimoo\/wp-json\/wp\/v2\/media?parent=2"}],"curies":[{"name":"wp","href":"https:\/\/api.w.org\/{rel}","templated":true}]}}