{"id":18,"date":"2017-11-29T15:57:44","date_gmt":"2017-11-29T15:57:44","guid":{"rendered":"http:\/\/www.upperland.net\/scifimoo\/?page_id=18"},"modified":"2017-11-30T12:54:57","modified_gmt":"2017-11-30T12:54:57","slug":"informacoes","status":"publish","type":"page","link":"https:\/\/www.upperland.net\/scifimoo\/informacoes\/","title":{"rendered":"Informa\u00e7\u00f5es"},"content":{"rendered":"<p>Bem, o MOO possui uma d\u00fazia de complexas defini\u00e7\u00f5es e conceitos, mas resumindo ele pode ser descrito como uma realidade virtual multi-usu\u00e1rio baseada em texto.<br \/>\nEle \u00e9 um programa que roda em m\u00e1quinas Unix (em geral). O MOO original \u00e9 o LambdaMOO, e foi desenvolvido por Pavel Curtis do Centro de Pesquisas da Xerox em Palo Alto, Calif\u00f3rnia, a partir de um programa b\u00e1sico de Stephen White da Universidade de Waterloo, ele est\u00e1 rodando desde 1990.<\/p>\n<p>O Programa principal do MOO \u00e9 chamado &#8220;server&#8221;, ele lida com instru\u00e7\u00f5es como entrada\/sa\u00edda entre a Internet e o MOO, e com o que voc\u00ea digita, e s\u00f3. O fonte do programa do server est\u00e1 dispon\u00edvel em\u00a0<a href=\"http:\/\/sourceforge.net\/projects\/lambdamoo\">http:\/\/sourceforge.net\/projects\/lambdamoo<\/a>, ele foi portado para um grande n\u00famero de sistemas como Linux, Windows e Amiga Unix.<\/p>\n<p>Outra fun\u00e7\u00e3o do server \u00e9 compilar e rodar programas (chamados &#8220;verbs&#8221;) escritos dentro do MOO em uma linguagem chamada MOO, que \u00e9 uma mistura de C++ e LISP, essa linguagem \u00e9 bem documentada, mas esse documento n\u00e3o \u00e9 animador para usu\u00e1rios novatos.<\/p>\n<p>Se o server \u00e9 o cora\u00e7\u00e3o do MOO, uma database gigante, chamada &#8220;core&#8221;, \u00e9 o c\u00e9rebro. Inicialmente vazia, ela define os objetos b\u00e1sicos como $thing (objeto gen\u00e9rico, no qual todos os outros objetos s\u00e3o baseados) e $prog(programador gen\u00e9rico, um player com capacidade de adicionar mais coisas no MOO). Quanto mais os players criam novas salas e objetos o &#8220;core&#8221; fica maior. A database inicial est\u00e1 dispon\u00edvel em\u00a0<a href=\"http:\/\/www.moo.mud.org\/\">moo.mud.org<\/a>.<\/p>\n<p>Moo \u00e9 um ambiente multi-usu\u00e1rio orientado a objetos em modo texto, isso quer dizer que ele \u00e9 parecido com os populares IRCs (chats), mas sua capacidade de programa\u00e7\u00e3o \u00e9 muito mais evolu\u00edda, al\u00e9m de permitir uma variedade muito maior de possibilidades e intera\u00e7\u00e3o entre players.<\/p>\n<figure style=\"width: 400px\" class=\"wp-caption aligncenter\"><img loading=\"lazy\" decoding=\"async\" src=\"http:\/\/upperland.net\/scifi\/shot.gif\" alt=\"\" width=\"400\" height=\"291\" align=\"left\" border=\"0\" \/><figcaption class=\"wp-caption-text\">Uma &#8220;t\u00edpica&#8221; se\u00e7\u00e3o de MOO em execu\u00e7\u00e3o.<\/figcaption><\/figure>\n<h2><strong>Hist\u00f3ria<\/strong><\/h2>\n<p>O Science and Fiction MOO surgiu de uma id\u00e9ia do Mestre dos Magos, que na \u00e9poca fazia Engenharia na Universidade Federal de Santa Maria (UFSM). Em 1995 ele conseguiu com o CPD permiss\u00e3o para colocar o MOO no servidor esfinge.cpd.ufsm.br.<br \/>\nDurante esta \u00e9poca muitas pessoas come\u00e7aram a conectar no MOO, principalmente da \u00e1rea de Engenharia, no saudoso N\u00facleo Setorial de Inform\u00e1tica (NSI) no Centro de Tecnologia (CT), o MOO ent\u00e3o estava sob a coordena\u00e7\u00e3o do Mestre dos Magos e do Conan. Esta foi a era de ouro, todos construindo e programando e tornando o Sci-Fi o maior MOO do Brasil.<br \/>\nMas infelizmente, um problema t\u00e9cnico fez com que por a database do Sci-Fi se perdesse, todos os players tinham que ser recriados, o mesmo valendo para objetos e verbos, sem d\u00favida um grande trabalho. Quando tudo parecia em ordem, com a maioria dos players de volta, uma segunda perda de database aconteceu. Desta vez o golpe foi forte, a maioria dos players migrou para o CPDEE abandonado o Sci-Fi. Apesar dos esfor\u00e7os dos Wizard que se seguiram o Sci-Fi jamais recuperou o cr\u00e9dito e grande n\u00famero de participantes que teve antes da perda de dados.<br \/>\nIsso ocasionou uma transforma\u00e7\u00e3o no Sci-Fi, pode-se dizer que os players que ainda conectam nele, s\u00e3o mais voltados para a programa\u00e7\u00e3o e saudosismo do que para a conversa\u00e7\u00e3o. Sendo assim o Sci-Fi tornou-se um laborat\u00f3rio para experi\u00eancias de novas tecnologias e id\u00e9ias.<br \/>\nRecentemente Bart e Japah juntaram-se em um interessante projeto, criar no Sci-Fi uma \u00e1rea destinada a RPG, mais especificamente Dungeons &amp; Dragons. O sistema que est\u00e1 sendo elaborado \u00e9 similar ao do CircleMUD, pois \u00e9 um sistema j\u00e1 bastante difundido e f\u00e1cil de ser usado. Isso pode causar uma grande transforma\u00e7\u00e3o no MOO, e atrav\u00e9s do RPG, trazer de volta aqueles players que deixaram o MOO a muito tempo.<br \/>\nAl\u00e9m disso v\u00e1rios verbos de prote\u00e7\u00e3o aos players foram adicionados, pois uma das grandes reclama\u00e7\u00f5es dos players que abandonaram o Sci-Fi era a falta de prote\u00e7\u00e3o contra movimenta\u00e7\u00e3o de players por terceiros, shouts de todo o tipo, spams, etc.<br \/>\nA hist\u00f3ria do Sci-Fi vista deste ponto, mostra o quanto o presente deste MOO \u00e9 triste, quase abandonado por aqueles que um dia o prezaram. Mas felizmente existem alguns trabalhando para n\u00e3o deixar que o MOO Ga\u00facho deixe de existir.<\/p>\n<p>Iuri Fiedoruk, aka Bart Simpson, atual Wizard e mantenedor do Sci-Fi MOO.<\/p>\n<h2><strong>Depoimentos<\/strong><\/h2>\n<ol>\n<li>Como voc\u00ea conheceu o MOO?<\/li>\n<li>Qual a sua lembran\u00e7a mais engra\u00e7ada daqueles tempos?<\/li>\n<li>Que grande ajuda o MOO proporcionou a sua vida?<\/li>\n<li>O que faria voc\u00ea voltar a usar um MOO hoje em dia?<\/li>\n<\/ol>\n<p><strong>Hyoga:<\/strong><\/p>\n<ol>\n<li>Eu sempre conheci o Moo, isso j\u00e1 existiu e voltar\u00e1 a existir.<\/li>\n<li>O Nego Thanos pedindo os emails dos professores da PUCRS pra fazer seconds no Moo e quando o mesmo abriu a foto da Pandora.<\/li>\n<li>Ajudou e acabar minha facul em quase 8 anos quando podia fazer em 5 anos.<\/li>\n<li>Um endere\u00e7o v\u00e1lido, um software de telnet que de pra usar backspace e pelo menos um boot pra mim conversar.<\/li>\n<\/ol>\n<p><strong>Perry Rhodan:<\/strong><\/p>\n<ol>\n<li>pelo pessoal do vortex, com quem eu falava pelo &#8220;talk&#8221; e pelo &#8220;phone&#8221;<\/li>\n<li>o madmax argumentando que homem tambem pode fingir orgasmo (em alguma lista), e os outros especulando como (coloca maionese na camisinha?)<\/li>\n<li>NA<\/li>\n<li>NA<\/li>\n<\/ol>\n<p><strong>Bart:<\/strong><\/p>\n<ol>\n<li>meu irm\u00e3o (deckard) me mostrou e disse que era a coisa mais louca do mundo<\/li>\n<li>no moorrasco de sta maria quando o pessoal de poa desembarcou, o akira e o lobomau come\u00e7aram a se bater que nem cachorro-louco<\/li>\n<li>descobri que programar era mil vezes melhor que ser engenheiro. se o hyoga demorou pra terminar, eu larguei a faculdade, e fui fazer uma que prestasse pra algo na vida. hoje trabalho pra HP e ainda ganho bem pra isso.<\/li>\n<li>s\u00f3 precisa um convite, nem que seja para entrar e ler mensagens na *moosoc<\/li>\n<\/ol>\n","protected":false},"excerpt":{"rendered":"<p>Bem, o MOO possui uma d\u00fazia de complexas defini\u00e7\u00f5es e conceitos, mas resumindo ele pode&#8230;<\/p>\n","protected":false},"author":1,"featured_media":0,"parent":0,"menu_order":3,"comment_status":"closed","ping_status":"closed","template":"","meta":{"footnotes":""},"class_list":["post-18","page","type-page","status-publish","hentry"],"_links":{"self":[{"href":"https:\/\/www.upperland.net\/scifimoo\/wp-json\/wp\/v2\/pages\/18","targetHints":{"allow":["GET"]}}],"collection":[{"href":"https:\/\/www.upperland.net\/scifimoo\/wp-json\/wp\/v2\/pages"}],"about":[{"href":"https:\/\/www.upperland.net\/scifimoo\/wp-json\/wp\/v2\/types\/page"}],"author":[{"embeddable":true,"href":"https:\/\/www.upperland.net\/scifimoo\/wp-json\/wp\/v2\/users\/1"}],"replies":[{"embeddable":true,"href":"https:\/\/www.upperland.net\/scifimoo\/wp-json\/wp\/v2\/comments?post=18"}],"version-history":[{"count":10,"href":"https:\/\/www.upperland.net\/scifimoo\/wp-json\/wp\/v2\/pages\/18\/revisions"}],"predecessor-version":[{"id":65,"href":"https:\/\/www.upperland.net\/scifimoo\/wp-json\/wp\/v2\/pages\/18\/revisions\/65"}],"wp:attachment":[{"href":"https:\/\/www.upperland.net\/scifimoo\/wp-json\/wp\/v2\/media?parent=18"}],"curies":[{"name":"wp","href":"https:\/\/api.w.org\/{rel}","templated":true}]}}